{"id":12316,"date":"2016-08-31T09:54:47","date_gmt":"2016-08-31T14:54:47","guid":{"rendered":"http:\/\/www.villaeducativa.edu.mx\/newspaper\/?page_id=12316"},"modified":"2026-01-29T14:01:41","modified_gmt":"2026-01-29T20:01:41","slug":"directorio","status":"publish","type":"page","link":"https:\/\/www.villaeducativa.edu.mx\/newspaper\/?page_id=12316","title":{"rendered":"Directorio"},"content":{"rendered":"\n<h5>Directorio telef\u00f3nico y extensiones<br><strong>(55) 5781-8686<\/strong><\/h5>\n\n\n\n<figure class=\"wp-block-table\"><table><tbody><tr><td>Servicios Escolares Whats App<\/td><td>55 4447 2322&nbsp;<br>55 4449 8770<\/td><\/tr><tr><td>Servicios Escolares<\/td><td>ext. 101, 104 y 106<\/td><\/tr><tr><td>Caja<\/td><td>ext. 110<\/td><\/tr><tr><td>Recursos Humanos<\/td><td>ext. 112<\/td><\/tr><tr><td>Coordinaci\u00f3n Operativa<\/td><td>ext. 134<\/td><\/tr><tr><td>Direcci\u00f3n General<\/td><td>ext. 103<\/td><\/tr><tr><td>Coordinaci\u00f3n Nursery<\/td><td>ext. 147<\/td><\/tr><tr><td>Coordinaci\u00f3n Preescolar<\/td><td>ext. 119<\/td><\/tr><tr><td>Coordinaci\u00f3n Espa\u00f1ol Primaria<\/td><td>ext. 113<\/td><\/tr><tr><td>Coordinaci\u00f3n Ingl\u00e9s Primaria<\/td><td>ext. 126<\/td><\/tr><tr><td>Coordinaci\u00f3n Matem\u00e1ticas Primaria<\/td><td>ext. 125<\/td><\/tr><tr><td>Coordinaci\u00f3n Secundaria<\/td><td>ext. 115, 123<\/td><\/tr><tr><td>Club Afterschool<\/td><td>ext. 121<\/td><\/tr><\/tbody><\/table><\/figure>\n","protected":false},"excerpt":{"rendered":"<p>Directorio telef\u00f3nico y extensiones(55) 5781-8686 Servicios Escolares Whats App 55 4447 2322&nbsp;55 4449 8770 Servicios Escolares ext. 101, 104 y 106 Caja ext. 110 Recursos Humanos ext. 112 Coordinaci\u00f3n Operativa ext. 134 Direcci\u00f3n General ext. 103 Coordinaci\u00f3n Nursery ext. 147 Coordinaci\u00f3n Preescolar ext. 119 Coordinaci\u00f3n Espa\u00f1ol Primaria ext. 113 Coordinaci\u00f3n&hellip; <\/p>\n","protected":false},"author":2,"featured_media":0,"parent":0,"menu_order":0,"comment_status":"closed","ping_status":"closed","template":"","meta":{"ngg_post_thumbnail":0},"_links":{"self":[{"href":"https:\/\/www.villaeducativa.edu.mx\/newspaper\/index.php?rest_route=\/wp\/v2\/pages\/12316"}],"collection":[{"href":"https:\/\/www.villaeducativa.edu.mx\/newspaper\/index.php?rest_route=\/wp\/v2\/pages"}],"about":[{"href":"https:\/\/www.villaeducativa.edu.mx\/newspaper\/index.php?rest_route=\/wp\/v2\/types\/page"}],"author":[{"embeddable":true,"href":"https:\/\/www.villaeducativa.edu.mx\/newspaper\/index.php?rest_route=\/wp\/v2\/users\/2"}],"replies":[{"embeddable":true,"href":"https:\/\/www.villaeducativa.edu.mx\/newspaper\/index.php?rest_route=%2Fwp%2Fv2%2Fcomments&post=12316"}],"version-history":[{"count":25,"href":"https:\/\/www.villaeducativa.edu.mx\/newspaper\/index.php?rest_route=\/wp\/v2\/pages\/12316\/revisions"}],"predecessor-version":[{"id":153575,"href":"https:\/\/www.villaeducativa.edu.mx\/newspaper\/index.php?rest_route=\/wp\/v2\/pages\/12316\/revisions\/153575"}],"wp:attachment":[{"href":"https:\/\/www.villaeducativa.edu.mx\/newspaper\/index.php?rest_route=%2Fwp%2Fv2%2Fmedia&parent=12316"}],"curies":[{"name":"wp","href":"https:\/\/api.w.org\/{rel}","templated":true}]}}