{"id":110052,"date":"2024-08-29T13:01:37","date_gmt":"2024-08-29T18:01:37","guid":{"rendered":"https:\/\/www.villaeducativa.edu.mx\/newspaper\/?page_id=110052"},"modified":"2024-08-29T13:01:38","modified_gmt":"2024-08-29T18:01:38","slug":"politicas-de-privacidad","status":"publish","type":"page","link":"https:\/\/www.villaeducativa.edu.mx\/newspaper\/?page_id=110052","title":{"rendered":"Pol\u00edticas de Privacidad"},"content":{"rendered":"\n<p><strong>A. Identidad y Domicilio <\/strong><\/p>\n<p>En cumplimiento con lo  establecido por los art\u00edculos 15, 16 y dem\u00e1s aplicables de la Ley Federal de  Protecci\u00f3n de Datos Personales en Posesi\u00f3n de los Particulares, su\u00a0 Reglamento y dem\u00e1s normativa aplicable, <strong>&ldquo;Happy Kinder&rdquo; S.C., &ldquo;Villa Educativa&rdquo; S.C. <\/strong>y<strong> &ldquo;Villa Educativa High&rdquo; S.C.<\/strong> (<strong>Villa Educativa<\/strong> o el <strong>Responsable<\/strong>), pone a su disposici\u00f3n el  presente Aviso de Privacidad (el <strong>Aviso<\/strong>),  por virtud del cual permanentemente buscar\u00e1 que el tratamiento de sus Datos  Personales y\/o Datos Personales Sensibles (los <strong>Datos<\/strong>) sea leg\u00edtimo, controlado e informado, con el prop\u00f3sito de  garantizar la privacidad y el derecho a la autodeterminaci\u00f3n informativa de sus  Datos.<\/p>\n<p>El presente Aviso tiene  por objeto la protecci\u00f3n de los Datos Personales de los integrantes de <strong>Villa Educativa<\/strong>, es decir, aspirantes,  alumnos, egresados, personal directivo, personal docente y personal  administrativo y de quienes tienen con \u00e9l alguna relaci\u00f3n de cualquier tipo,  fundamentalmente los padres de familia y tutores, mediante su tratamiento  leg\u00edtimo, controlado e informado, a efecto de garantizar su privacidad, as\u00ed  como el derecho a la autodeterminaci\u00f3n informativa.<\/p>\n<p>Derivado de lo  anterior, el <strong>Responsable<\/strong>, quien  se\u00f1ala para efectos del presente instrumento como su domicilio el ubicado en <strong>Atepoxco No. 40, Colonia Tepeyac  Insurgentes, Alcald\u00eda Gustavo A. Madero, C.P. 07020, Ciudad de M\u00e9xico, con  tel\u00e9fonos 5781-8686 y 5577-2944<\/strong>, protege y salvaguarda sus Datos Personales  para evitar el da\u00f1o, p\u00e9rdida, destrucci\u00f3n, robo, extrav\u00edo, alteraci\u00f3n, as\u00ed como  el tratamiento no autorizado de sus Datos Personales. Asimismo, ser\u00e1 el garante  de los Datos que obtenga de cualquier persona f\u00edsica (el <strong>Titular<\/strong>).<\/p>\n<p>Se entiende por &ldquo;dato  personal&rdquo; cualquier informaci\u00f3n concerniente a una persona f\u00edsica identificada  o identificable. Para el caso de Datos Personales referidos a los alumnos, para  la informaci\u00f3n referida a proveedores o cualquier otra persona externa con la  que el Responsable tenga alguna relaci\u00f3n, y para el caso de Datos Personales  del personal directivo, docente y administrativo.<strong><\/strong><\/p>\n<p>El Responsable asume el  compromiso de salvaguardar tanto los Datos Personales que le son proporcionados  por usted, como la entrega de documentos adicionales que le hayan sido  solicitados, por lo que le emite el presente Aviso en cumplimiento de las disposiciones  de la Ley Federal de Protecci\u00f3n de Datos Personales en posesi\u00f3n de los  Particulares (la <strong>Ley<\/strong>) y su  Reglamento.<\/p>\n<p>El presente Aviso  establece los t\u00e9rminos y condiciones bajo los cuales se (<strong>recolectar\u00e1n, almacenar\u00e1n y utilizar\u00e1n y en su caso, transferir\u00e1n<\/strong>),  los Datos Personales de usted (el <strong>Tratamiento<\/strong>),  que ser\u00e1n almacenados (<strong>en<\/strong> <strong>la base de datos controlada<\/strong>) por <strong>Villa Educativa<\/strong>. <strong><\/strong><\/p>\n<p>&nbsp;<\/p>\n<p><strong>B. T\u00e9rminos y Condiciones <\/strong><\/p>\n<p>Cualquiera  que sea el motivo, el uso de datos personales siempre deber\u00e1 constar por  escrito a trav\u00e9s de una solicitud, formato en papel, formato digital, correo  electr\u00f3nico, o cualquier otro documento impreso o electr\u00f3nico. Por lo anterior,  acepta y autoriza a <strong>Villa Educativa <\/strong>para  utilizar y tratar de\u00a0 forma automatizada  dichos datos personales e informaci\u00f3n suministrada, los cuales formar\u00e1n parte  de su base de datos con\u00a0 la finalidad de  usarlos, en forma enunciativa m\u00e1s no limitativa, para:\u00a0 proveer los servicios y productos que usted  ha solicitado, notificarle sobre nuevos servicios o productos que tengan  relaci\u00f3n con los ya contratados o adquiridos, comunicarle sobre cambios en los  mismos, elaborar estudios y programas que sean necesarios para determinar  h\u00e1bitos de consumo, realizar evaluaciones peri\u00f3dicas de nuestros productos y  servicios a\u00a0 efecto de mejorar su  calidad, evaluar la calidad del servicio que\u00a0  brindamos, as\u00ed como para enviarlos y\/o transferirlos a terceros, dentro  y fuera del territorio nacional, por cualquier medio que\u00a0 permita la ley para cumplir con nuestros  fines sociales, enviarlos y\/o transferirlos a terceros que otorguen alg\u00fan  servicio de\u00a0 seguros o instituciones  financieras y en general, a cualquier tercero que <strong>Villa Educativa <\/strong>requiera para dar cumplimiento de las obligaciones  que hemos contra\u00eddo con usted.<\/p>\n<p>Mediante  la\u00a0 aceptaci\u00f3n y autorizaci\u00f3n para el  tratamiento de sus datos\u00a0 personales en  los t\u00e9rminos antes se\u00f1alados, faculta expresamente a <strong>Villa Educativa<\/strong> para transferirlos a autoridades de cualquier nivel  (federales, estatales y\/o municipales), particularmente las de tipo educativo,  organismos p\u00fablicos y privados, personas morales y\/o\u00a0 f\u00edsicas, dentro y fuera del pa\u00eds, con el  prop\u00f3sito de otorgarles alg\u00fan servicio, de certificar sus estudios y  competencias, por lo que nos autoriza a poder emitir documentaci\u00f3n, oficial o  no, a sus\u00a0 representantes legales,  familiares o parientes. <\/p>\n<p>&nbsp;<\/p>\n<p><strong>C. Datos Personales <\/strong><\/p>\n<p>Para  las finalidades indicadas en el presente <strong>Aviso<\/strong>, <strong>Villa Educativa<\/strong> tratar\u00e1 con las  siguientes categor\u00edas de datos personales: <\/p>\n<ol>\n  <li>Datos de identificaci\u00f3n y contacto; <\/li>\n  <li>Datos sobre caracter\u00edsticas personales; <\/li>\n  <li>Datos sobre circunstancias sociales; <\/li>\n  <li>Datos acad\u00e9micos y profesionales; <\/li>\n  <li>Datos laborales; <\/li>\n  <li>Datos sobre informaci\u00f3n comercial; <\/li>\n  <li>Datos patrimoniales, financieros y de  seguros y, <\/li>\n  <li>Datos personales sensibles (orientaci\u00f3n  sexual, estado de salud presente o futuro, creencias religiosas, filos\u00f3ficas o morales). <\/li>\n<\/ol>\n<p><strong>&nbsp;<\/strong><\/p>\n<p><strong>Villa Educativa <\/strong>recaba datos personales  de menores de edad a trav\u00e9s de formatos, formularios o, en su caso, a trav\u00e9s de  su p\u00e1gina web:<strong> <a href=\"https:\/\/www.villaeducativa.edu.mx\/\">https:\/\/www.villaeducativa.edu.mx\/<\/a><\/strong>, por lo que \u00fanicamente  tratar\u00e1 con aquellos datos personales proporcionados por sus padres y\/o  tutores, con el consentimiento de estos \u00faltimos en todos los casos. <\/p>\n<p>Los  padres y\/o tutores podr\u00e1n ejercer en todo momento los derechos ARCO, o revocar  el consentimiento para el tratamiento de sus datos personales o los datos  personales de sus hijos menores que sean alumnos de <strong>Villa Educativa<\/strong>, para cualquier finalidad relacionada con las  actividades de las diversas escuelas. <\/p>\n<p>&nbsp;<\/p>\n<p><strong>D.<\/strong> <strong>Tratamiento de Datos  Personales Sensibles <\/strong><\/p>\n<p><strong>Villa Educativa <\/strong>tratar\u00e1 los datos  personales sensibles de manera confidencial y con las medidas de seguridad exigidas  por la normativa aplicable para esta categor\u00eda. Por ello, \u00fanicamente  solicitaremos datos personales sensibles cuando sea estrictamente necesario y  para la conformaci\u00f3n adecuada del expediente m\u00e9dico en la enfermer\u00eda de <strong>Villa Educativa<\/strong>. <\/p>\n<p>Cuando  sea legalmente exigible o <strong>Villa  Educativa <\/strong>as\u00ed lo determine, solicitaremos su consentimiento expreso y por escrito  de forma previa, para cualquier tratamiento de datos personales sensibles. El  consentimiento antes mencionado se podr\u00e1 obtener por cualquier medio f\u00edsico o  electr\u00f3nico que acredite su otorgamiento, tales como:\u00a0 formularios, formatos de servicio, \u00f3rdenes o  cartas de autorizaci\u00f3n. <strong><\/strong><\/p>\n<p>&nbsp;<\/p>\n<p><strong>E. Finalidad <\/strong><\/p>\n\n  1. Fines originales y necesarios:\n\n  <ol>\n  <ol type=\"a\">\n    <li>Gesti\u00f3n, control y  administraci\u00f3n del proceso de admisi\u00f3n a <strong>Villa  Educativa<\/strong>. <\/li>\n    <li>Gesti\u00f3n, control y  administraci\u00f3n del proceso de inscripci\u00f3n y\/o reinscripci\u00f3n a <strong>Villa Educativa<\/strong>. <\/li>\n    <li>Gesti\u00f3n,  control, administraci\u00f3n y actualizaci\u00f3n de los expedientes acad\u00e9micos de los  estudiantes.<\/li>\n    <li>Gesti\u00f3n,  control, administraci\u00f3n y actualizaci\u00f3n de los expedientes m\u00e9dicos de los  estudiantes.<\/li>\n    <li>Gesti\u00f3n, control y  administraci\u00f3n de las comunicaciones entre <strong>Villa  Educativa <\/strong>y los padres de familia y\/o tutores de los estudiantes. <\/li>\n    <li>Gesti\u00f3n  y administraci\u00f3n de las actividades extracurriculares, relacionadas con los  estudiantes.<\/li>\n    <li>Gesti\u00f3n de im\u00e1genes  para la difusi\u00f3n de actividades escolares y extracurriculares, acad\u00e9micas o  comerciales a trav\u00e9s de los sitios electr\u00f3nicos, o de cualquier otro medio de  comunicaci\u00f3n en los que <strong>Villa Educativa <\/strong>tenga  presencia. <\/li>\n    <li>Gesti\u00f3n,  control y administraci\u00f3n de voz e im\u00e1genes, captadas por el sistema de video  vigilancia, en las distintas \u00e1reas de las instalaciones del colegio, as\u00ed como  en juntas o reuniones con los padres de familia y\/o tutores y\/o contratantes. <\/li>\n    <li>Atenci\u00f3n  a padres de familia y\/o tutores de los estudiantes (grabaci\u00f3n de  llamadas\/calidad). <\/li>\n    <li>Gesti\u00f3n  de pagos de colegiaturas, actividades extracurriculares o material adicional  relacionado con los servicios educativos proporcionados por <strong>Villa Educativa<\/strong>. <\/li>\n    <li>Acceso a servicios  electr\u00f3nicos, aplicaciones o herramientas educativas en l\u00ednea, proporcionadas  por <strong>Villa Educativa<\/strong>, si usted es  elegible y opta por el uso de dichos servicios. <\/li>\n    <li>En  su caso, emisi\u00f3n de facturas o comprobantes de pago.<\/li>\n    <li>Estad\u00edstica y registro  hist\u00f3rico de estudiantesFines adicionales: <\/li>\n  <\/ol>\n<\/ol>\n<p> 2. Fines adicionales: <\/p>\n<ol>\n  <ol type=\"a\">\n    <li>Comunicaci\u00f3n  de actividades y eventos dirigidos a los padres de familia y\/o tutores de  familia, de los estudiantes. <\/li>\n  <\/ol>\n<\/ol>\n<p>&nbsp;<\/p>\n<p><strong>F. Transferencia de Datos  Personales <\/strong><\/p>\n<p>Sus  datos personales, incluyendo datos personales sensibles, pueden ser  transferidos y tratados por personas distintas al responsable en los siguientes  supuestos:\u00a0 <\/p>\n<ol>\n  <li><strong>Sociedades  controladoras, de servicios digitales o en l\u00ednea, subsidiarias, afiliadas, o  sociedad matriz de Villa Educativa<\/strong>: para el resguardo centralizado de la  informaci\u00f3n, control de altas y bajas de estudiantes, as\u00ed como para la realizaci\u00f3n  de funciones de estad\u00edstica y registro hist\u00f3rico de estudiantes y familias. <\/li>\n  <li><strong>Autoridades, organismos  o entidades gubernamentales y\/o administrativas: <\/strong>en cumplimiento a las  obligaciones contempladas en la legislaci\u00f3n aplicable y en cumplimiento de  aquellos requerimientos efectuados por las mismas, as\u00ed como en situaciones de  siniestros, contingencias o emergencias extraordinarias. <\/li>\n  <li><strong>Instituciones  financieras: <\/strong>para  facturaci\u00f3n y pagos relacionados con los servicios de educaci\u00f3n de <strong>Villa Educativa<\/strong>. <\/li>\n  <li><strong>Responsables de la  relaci\u00f3n jur\u00eddica <\/strong>o  terceros con los cuales el estudiante tenga una relaci\u00f3n civil (responsables  del pago, padres de familia y\/o tutores y\/o contratante). <\/li>\n  <li><strong>Compa\u00f1\u00edas o agentes de  seguros<\/strong>:  para la tramitaci\u00f3n de solicitudes, programaciones, reportes, reembolsos o  siniestros solicitados o autorizados por los padres de familia o tutores del  estudiante y\/o contratante. <\/li>\n  <li><strong>M\u00e9dicos, hospitales,  \u00e1reas de urgencias y servicios de ambulancia: <\/strong>para la atenci\u00f3n de  nuestros estudiantes, en caso de emergencia. <\/li>\n<\/ol>\n<p><strong>&nbsp;<\/strong><\/p>\n<p><strong>G. Consentimiento para la  transferencia de datos<\/strong><\/p>\n<p>Las  transferencias antes indicadas, previstas por el art\u00edculo 37 Ley Federal de  Protecci\u00f3n de Datos Personales en Posesi\u00f3n de los Particulares, no requieren de  su consentimiento para llevarse a cabo en cualquier momento; cualquier otra  transferencia de sus datos no ser\u00e1 llevada a cabo sin su consentimiento y previa  informaci\u00f3n al respecto.<\/p>\n<p>Cuando  sea legalmente exigible o <strong>Villa  Educativa <\/strong>as\u00ed lo determine, solicitaremos su consentimiento expreso y por  escrito de forma previa a la realizaci\u00f3n de cualquier transferencia. El  consentimiento antes mencionado se podr\u00e1 obtener por cualquier medio f\u00edsico o  electr\u00f3nico que acredite su otorgamiento, tales como: formularios, formatos de  servicio, \u00f3rdenes o cartas de autorizaci\u00f3n.<\/p>\n<p>&nbsp;<\/p>\n<p><strong>H.<\/strong> <strong>Ejercicio de los  Derechos ARCO <\/strong><\/p>\n<p>En  todos aquellos casos legalmente procedentes, los padres y\/o tutores de los  estudiantes podr\u00e1n ejercer en todo momento sus Derechos ARCO (Acceso,  Rectificaci\u00f3n, Cancelaci\u00f3n y Oposici\u00f3n), para el tratamiento de sus datos personales  o de sus menores hijos a trav\u00e9s de los procedimientos que hemos implementado. <\/p>\n<p>La  solicitud correspondiente deber\u00e1 cumplir con los requisitos establecidos en la  legislaci\u00f3n vigente, mediante escrito dirigido a nuestro Departamento de Datos  Personales, al domicilio indicado en el inciso A. La solicitud deber\u00e1 contener  y acompa\u00f1ar lo siguiente: <\/p>\n<ol>\n  <li>Nombre, Domicilio u otro medio para  comunicarle la respuesta a su solicitud; <\/li>\n  <li>Los documentos que acrediten su  identidad o, en su caso, la representaci\u00f3n legal;<\/li>\n  <li>La descripci\u00f3n clara y precisa de los  datos personales respecto de los que se busca ejercer alguno de los Derechos  ARCO; y <\/li>\n  <li>Cualquier otro elemento o documento que  facilite la localizaci\u00f3n de los datos personales.<\/li>\n<\/ol>\n<p><strong>Villa Educativa <\/strong>le comunicar\u00e1, en un  plazo m\u00e1ximo de veinte (20) d\u00edas h\u00e1biles, contados desde la fecha en que se  reciba la solicitud correspondiente, la determinaci\u00f3n adoptada. Si la solicitud  resulta procedente, \u00e9sta se har\u00e1 efectiva dentro de los quince (15) d\u00edas  h\u00e1biles siguientes a la fecha en que <strong>Villa  Educativa <\/strong>comunique la respuesta. <\/p>\n<p>En  caso de que la informaci\u00f3n proporcionada en su solicitud resulte err\u00f3nea o  insuficiente, o no se acompa\u00f1en los documentos necesarios para acreditar su  identidad o la representaci\u00f3n legal correspondiente, <strong>Villa Educativa<\/strong>, dentro de los cinco (5) d\u00edas h\u00e1biles siguientes a  la recepci\u00f3n de su solicitud, requerir\u00e1 la subsanaci\u00f3n de las deficiencias para  poder dar tr\u00e1mite a la misma. En estos casos, usted contar\u00e1 con diez (10) d\u00edas  h\u00e1biles para atender el requerimiento de subsanaci\u00f3n, contados a partir del d\u00eda  siguiente en que hubiere recibido esta solicitud. La solicitud correspondiente  se tendr\u00e1 por no presentada si usted no responde dentro de dicho plazo. <\/p>\n<p>Alternativamente,  usted podr\u00e1 dirigir su solicitud a trav\u00e9s de la direcci\u00f3n del Departamento de  Datos Personales a la direcci\u00f3n <strong><a href=\"mailto: comunicacion@villaeducativa.edu.mx\">comunicacion@villaeducativa.edu.mx<\/a><\/strong> cumpliendo con todos los requisitos  anteriormente enumerados, estableciendo como Asunto de la comunicaci\u00f3n la  leyenda &ldquo;Derechos ARCO y\/o Revocaci\u00f3n del consentimiento&rdquo;. Los plazos para el  procedimiento ser\u00e1n los mismos a los mencionados en este apartado. El uso de  medios electr\u00f3nicos para el ejercicio de los derechos ARCO autoriza al  Responsable para dar respuesta a la solicitud correspondiente a trav\u00e9s del  mismo medio, salvo que el propio titular indique otro medio de forma clara y  expresa.<\/p>\n<p>Podr\u00e1  obtener la informaci\u00f3n o datos personales solicitados a trav\u00e9s de copias  simples, documentos electr\u00f3nicos en formatos convencionales (Word, PDF, etc.),  o a trav\u00e9s de cualquier otro medio leg\u00edtimo que garantice y acredite el  ejercicio efectivo del derecho solicitado. <\/p>\n<p>Usted  ser\u00e1 responsable de mantener actualizados sus datos personales en posesi\u00f3n de <strong>Villa Educativa<\/strong>, por lo que usted  garantiza y responde, en cualquier caso, de la veracidad, exactitud, vigencia y  autenticidad de los datos personales facilitados, y se compromete a mantenerlos  debidamente actualizados, comunicando cualquier cambio al Responsable. <\/p>\n<p>&nbsp;<\/p>\n<p><strong>I. Revocaci\u00f3n <\/strong><\/p>\n<p>Usted  podr\u00e1 revocar su consentimiento para el tratamiento de sus datos personales,  sin efectos retroactivos, en todos aquellos casos en que dicha revocaci\u00f3n no  suponga la imposibilidad de cumplir con las obligaciones derivadas de una  relaci\u00f3n jur\u00eddica vigente entre usted y <strong>Villa  Educativa<\/strong>. <\/p>\n<p>El procedimiento para la revocaci\u00f3n del consentimiento, en su caso, ser\u00e1 el mismo que el establecido en el apartado inmediato anterior para el ejercicio de los  derechos ARCO. <\/p>\n<p>&nbsp;<\/p>\n<p><strong>J. Limitaciones sobre el  uso y divulgaci\u00f3n de sus Datos Personales <\/strong><\/p>\n<p>Usted  podr\u00e1 limitar el uso o divulgaci\u00f3n de sus datos personales dirigiendo la  solicitud correspondiente a nuestro Departamento de Datos Personales. Los  requisitos para acreditar su identidad, as\u00ed como el\u00a0 procedimiento para atender su solicitud ser\u00e1n  los mismos que los se\u00f1alados en el apartado &ldquo;Ejercicio de los\u00a0 derechos ARCO&rdquo;. <\/p>\n<p>&nbsp;<\/p>\n<p><strong>K. Modificaciones o  actualizaciones al presente Aviso de Privacidad Integral. <\/strong><\/p>\n<p><strong>Villa Educativa <\/strong>podr\u00e1 modificar,  actualizar, extender o de cualquier otra forma cambiar el contenido y alcance  del presente Aviso de Privacidad, en cualquier momento y bajo su completa  discreci\u00f3n. En tales casos, podr\u00e1n comunicarse cambios al presente Aviso de  Privacidad v\u00eda correo electr\u00f3nico o en el sitio <a href=\"https:\/\/www.villaeducativa.edu.mx\/\"><strong>https:\/\/www.villaeducativa.edu.mx\/<\/strong><\/a> durante su vinculaci\u00f3n  al Responsable. <\/p>\n<p>&nbsp;<\/p>\n<p align=\"right\">Fecha de \u00faltima actualizaci\u00f3n: Agosto de  2024.<\/p>\n","protected":false},"excerpt":{"rendered":"<p>A. Identidad y Domicilio En cumplimiento con lo establecido por los art\u00edculos 15, 16 y dem\u00e1s aplicables de la Ley Federal de Protecci\u00f3n de Datos Personales en Posesi\u00f3n de los Particulares, su\u00a0 Reglamento y dem\u00e1s normativa aplicable, &ldquo;Happy Kinder&rdquo; S.C., &ldquo;Villa Educativa&rdquo; S.C. y &ldquo;Villa Educativa High&rdquo; S.C. (Villa Educativa&hellip; <\/p>\n","protected":false},"author":2,"featured_media":0,"parent":0,"menu_order":0,"comment_status":"closed","ping_status":"closed","template":"","meta":{"ngg_post_thumbnail":0},"_links":{"self":[{"href":"https:\/\/www.villaeducativa.edu.mx\/newspaper\/index.php?rest_route=\/wp\/v2\/pages\/110052"}],"collection":[{"href":"https:\/\/www.villaeducativa.edu.mx\/newspaper\/index.php?rest_route=\/wp\/v2\/pages"}],"about":[{"href":"https:\/\/www.villaeducativa.edu.mx\/newspaper\/index.php?rest_route=\/wp\/v2\/types\/page"}],"author":[{"embeddable":true,"href":"https:\/\/www.villaeducativa.edu.mx\/newspaper\/index.php?rest_route=\/wp\/v2\/users\/2"}],"replies":[{"embeddable":true,"href":"https:\/\/www.villaeducativa.edu.mx\/newspaper\/index.php?rest_route=%2Fwp%2Fv2%2Fcomments&post=110052"}],"version-history":[{"count":1,"href":"https:\/\/www.villaeducativa.edu.mx\/newspaper\/index.php?rest_route=\/wp\/v2\/pages\/110052\/revisions"}],"predecessor-version":[{"id":110053,"href":"https:\/\/www.villaeducativa.edu.mx\/newspaper\/index.php?rest_route=\/wp\/v2\/pages\/110052\/revisions\/110053"}],"wp:attachment":[{"href":"https:\/\/www.villaeducativa.edu.mx\/newspaper\/index.php?rest_route=%2Fwp%2Fv2%2Fmedia&parent=110052"}],"curies":[{"name":"wp","href":"https:\/\/api.w.org\/{rel}","templated":true}]}}